{"id":1321,"date":"2024-07-11T23:43:24","date_gmt":"2024-07-11T23:43:24","guid":{"rendered":"https:\/\/jmnautica.com\/?page_id=1321"},"modified":"2024-07-23T23:04:06","modified_gmt":"2024-07-23T23:04:06","slug":"torrevieja","status":"publish","type":"page","link":"https:\/\/jmnautica.com\/index.php\/torrevieja\/","title":{"rendered":"Torrevieja"},"content":{"rendered":"\n<p class=\"has-text-align-center\"><strong>Explora las Maravillas de Torrevieja a Bordo del <a href=\"https:\/\/jmnautica.com\/index.php\/searay355sundancer\/\">Sea Ray Sundancer 355<\/a><\/strong><\/p>\n\n\n\n<p class=\"has-text-align-center\">Te invitamos a explorar Torrevieja, un verdadero para\u00edso en la Costa Blanca de Espa\u00f1a, donde el sol brilla m\u00e1s de 300 d\u00edas al a\u00f1o. Con sus playas de arena dorada y aguas cristalinas, Torrevieja ofrece un escenario id\u00edlico para quienes buscan relajaci\u00f3n y lujo.<\/p>\n\n\n\n<figure class=\"wp-block-image size-large\"><img loading=\"lazy\" decoding=\"async\" width=\"1024\" height=\"1024\" src=\"https:\/\/jmnautica.com\/wp-content\/uploads\/2024\/06\/Diseno-sin-titulo-18-1024x1024.png\" alt=\"\" class=\"wp-image-629\" srcset=\"https:\/\/jmnautica.com\/wp-content\/uploads\/2024\/06\/Diseno-sin-titulo-18-1024x1024.png 1024w, https:\/\/jmnautica.com\/wp-content\/uploads\/2024\/06\/Diseno-sin-titulo-18-540x540.png 540w, https:\/\/jmnautica.com\/wp-content\/uploads\/2024\/06\/Diseno-sin-titulo-18-150x150.png 150w, https:\/\/jmnautica.com\/wp-content\/uploads\/2024\/06\/Diseno-sin-titulo-18-600x600.png 600w, https:\/\/jmnautica.com\/wp-content\/uploads\/2024\/06\/Diseno-sin-titulo-18-300x300.png 300w, https:\/\/jmnautica.com\/wp-content\/uploads\/2024\/06\/Diseno-sin-titulo-18-768x768.png 768w, https:\/\/jmnautica.com\/wp-content\/uploads\/2024\/06\/Diseno-sin-titulo-18.png 1080w\" sizes=\"auto, (max-width: 1024px) 100vw, 1024px\" \/><\/figure>\n\n\n\n<p class=\"has-text-align-center\">Imagina disfrutar de un d\u00eda perfecto en las playas de La Mata, Los Locos o El Cura, donde el mar azul turquesa y el suave oleaje te invitan a sumergirte y dejar atr\u00e1s el estr\u00e9s. Pasea por su hermoso paseo mar\u00edtimo, saborea la deliciosa gastronom\u00eda local en los chiringuitos y restaurantes, y siente la brisa marina mientras admiras impresionantes puestas de sol.<\/p>\n\n\n\n<p class=\"has-text-align-center\">Torrevieja no s\u00f3lo es un destino de playas espectaculares, sino tambi\u00e9n de rica cultura y tradici\u00f3n. Explora su encantador casco antiguo, visita las salinas, famosas por sus efectos terap\u00e9uticos, y disfruta de las m\u00faltiples actividades n\u00e1uticas que este maravilloso lugar tiene para ofrecer.<\/p>\n\n\n\n<figure class=\"wp-block-image size-large\"><img loading=\"lazy\" decoding=\"async\" width=\"1024\" height=\"431\" src=\"https:\/\/jmnautica.com\/wp-content\/uploads\/2024\/06\/shutterstock_1289018011-1024x431.jpg\" alt=\"\" class=\"wp-image-628\" srcset=\"https:\/\/jmnautica.com\/wp-content\/uploads\/2024\/06\/shutterstock_1289018011-1024x431.jpg 1024w, https:\/\/jmnautica.com\/wp-content\/uploads\/2024\/06\/shutterstock_1289018011-600x253.jpg 600w, https:\/\/jmnautica.com\/wp-content\/uploads\/2024\/06\/shutterstock_1289018011-300x126.jpg 300w, https:\/\/jmnautica.com\/wp-content\/uploads\/2024\/06\/shutterstock_1289018011-768x323.jpg 768w, https:\/\/jmnautica.com\/wp-content\/uploads\/2024\/06\/shutterstock_1289018011-1536x647.jpg 1536w, https:\/\/jmnautica.com\/wp-content\/uploads\/2024\/06\/shutterstock_1289018011.jpg 1900w\" sizes=\"auto, (max-width: 1024px) 100vw, 1024px\" \/><\/figure>\n\n\n\n<p class=\"has-text-align-center\">Haz de tu pr\u00f3xima escapada una experiencia inolvidable en Torrevieja. Ven y descubre por qu\u00e9 esta joya del Mediterr\u00e1neo es el destino preferido de aquellos que buscan lo mejor en lujo y belleza natural.<\/p>\n\n\n\n<hr class=\"wp-block-separator has-alpha-channel-opacity\"\/>\n\n\n\n<div class=\"wp-block-buttons is-content-justification-center is-layout-flex wp-container-core-buttons-is-layout-a89b3969 wp-block-buttons-is-layout-flex\">\n<div class=\"wp-block-button\"><a class=\"wp-block-button__link wp-element-button\" href=\"https:\/\/jmnautica.com\/index.php\/contacto\/\"><strong><em>Reservar<\/em><\/strong> <\/a><\/div>\n<\/div>\n","protected":false},"excerpt":{"rendered":"<p>Explora las Maravillas de Torrevieja a Bordo del Sea Ray Sundancer 355 Te invitamos a explorar Torrevieja, un verdadero para\u00edso en la Costa Blanca de Espa\u00f1a, donde el sol brilla m\u00e1s de 300 d\u00edas al a\u00f1o. Con sus playas de arena dorada y aguas cristalinas, Torrevieja ofrece un escenario id\u00edlico para quienes buscan relajaci\u00f3n y [&hellip;]<\/p>\n","protected":false},"author":3,"featured_media":0,"parent":0,"menu_order":0,"comment_status":"closed","ping_status":"closed","template":"","meta":{"_monsterinsights_skip_tracking":false,"_monsterinsights_sitenote_active":false,"_monsterinsights_sitenote_note":"","_monsterinsights_sitenote_category":0,"footnotes":""},"class_list":["post-1321","page","type-page","status-publish","hentry"],"aioseo_notices":[],"_links":{"self":[{"href":"https:\/\/jmnautica.com\/index.php\/wp-json\/wp\/v2\/pages\/1321","targetHints":{"allow":["GET"]}}],"collection":[{"href":"https:\/\/jmnautica.com\/index.php\/wp-json\/wp\/v2\/pages"}],"about":[{"href":"https:\/\/jmnautica.com\/index.php\/wp-json\/wp\/v2\/types\/page"}],"author":[{"embeddable":true,"href":"https:\/\/jmnautica.com\/index.php\/wp-json\/wp\/v2\/users\/3"}],"replies":[{"embeddable":true,"href":"https:\/\/jmnautica.com\/index.php\/wp-json\/wp\/v2\/comments?post=1321"}],"version-history":[{"count":2,"href":"https:\/\/jmnautica.com\/index.php\/wp-json\/wp\/v2\/pages\/1321\/revisions"}],"predecessor-version":[{"id":1504,"href":"https:\/\/jmnautica.com\/index.php\/wp-json\/wp\/v2\/pages\/1321\/revisions\/1504"}],"wp:attachment":[{"href":"https:\/\/jmnautica.com\/index.php\/wp-json\/wp\/v2\/media?parent=1321"}],"curies":[{"name":"wp","href":"https:\/\/api.w.org\/{rel}","templated":true}]}}