{"id":783,"date":"2024-06-19T21:23:32","date_gmt":"2024-06-19T21:23:32","guid":{"rendered":"https:\/\/jmnautica.com\/?page_id=783"},"modified":"2026-04-28T14:19:35","modified_gmt":"2026-04-28T14:19:35","slug":"grupo-jm10-sport-sl","status":"publish","type":"page","link":"https:\/\/jmnautica.com\/index.php\/grupo-jm10-sport-sl\/","title":{"rendered":""},"content":{"rendered":"\n<p class=\"has-text-align-center\"><\/p>\n\n\n\n<figure class=\"wp-block-image aligncenter size-full\"><img loading=\"lazy\" decoding=\"async\" width=\"240\" height=\"240\" src=\"https:\/\/jmnautica.com\/wp-content\/uploads\/2024\/06\/cropped-cropped-cropped-Diseno-sin-titulo-14.png\" alt=\"\" class=\"wp-image-748\" srcset=\"https:\/\/jmnautica.com\/wp-content\/uploads\/2024\/06\/cropped-cropped-cropped-Diseno-sin-titulo-14.png 240w, https:\/\/jmnautica.com\/wp-content\/uploads\/2024\/06\/cropped-cropped-cropped-Diseno-sin-titulo-14-150x150.png 150w\" sizes=\"auto, (max-width: 240px) 100vw, 240px\" \/><\/figure>\n\n\n\n<p class=\"has-text-align-center\"><\/p>\n\n\n\n<h2 class=\"wp-block-heading has-text-align-center\">Misi\u00f3n \u00b7 Visi\u00f3n<\/h2>\n\n\n\n<p class=\"has-text-align-center\">JM N\u00e1utica nace con la misi\u00f3n de crear experiencias mar\u00edtimas \u00fanicas en el Mediterr\u00e1neo, ofreciendo traves\u00edas personalizadas que combinan lujo, confort y autenticidad, donde cada detalle refleja el trato cercano, humano y personalizado propio de una empresa familiar. <\/p>\n\n\n\n<p class=\"has-text-align-center\">Al mismo tiempo, proyectamos nuestra visi\u00f3n hacia el futuro con el objetivo de consolidarnos como un referente en experiencias n\u00e1uticas premium en Ibiza y el Mediterr\u00e1neo, reconocidos por nuestra excelencia, confianza y capacidad de redefinir la manera de vivir y disfrutar el mar.<\/p>\n\n\n\n<figure class=\"wp-block-image size-full\"><img loading=\"lazy\" decoding=\"async\" width=\"1836\" height=\"1102\" src=\"https:\/\/jmnautica.com\/wp-content\/uploads\/2024\/07\/cropped-cropped-Alquilar_Mochi18Open_Alicante_Torrevieja_Marina_Estrella_Charter15-1-edited-1.jpg\" alt=\"\" class=\"wp-image-1308\" srcset=\"https:\/\/jmnautica.com\/wp-content\/uploads\/2024\/07\/cropped-cropped-Alquilar_Mochi18Open_Alicante_Torrevieja_Marina_Estrella_Charter15-1-edited-1.jpg 1836w, https:\/\/jmnautica.com\/wp-content\/uploads\/2024\/07\/cropped-cropped-Alquilar_Mochi18Open_Alicante_Torrevieja_Marina_Estrella_Charter15-1-edited-1-300x180.jpg 300w, https:\/\/jmnautica.com\/wp-content\/uploads\/2024\/07\/cropped-cropped-Alquilar_Mochi18Open_Alicante_Torrevieja_Marina_Estrella_Charter15-1-edited-1-1024x615.jpg 1024w, https:\/\/jmnautica.com\/wp-content\/uploads\/2024\/07\/cropped-cropped-Alquilar_Mochi18Open_Alicante_Torrevieja_Marina_Estrella_Charter15-1-edited-1-768x461.jpg 768w, https:\/\/jmnautica.com\/wp-content\/uploads\/2024\/07\/cropped-cropped-Alquilar_Mochi18Open_Alicante_Torrevieja_Marina_Estrella_Charter15-1-edited-1-1536x922.jpg 1536w, https:\/\/jmnautica.com\/wp-content\/uploads\/2024\/07\/cropped-cropped-Alquilar_Mochi18Open_Alicante_Torrevieja_Marina_Estrella_Charter15-1-edited-1-600x360.jpg 600w\" sizes=\"auto, (max-width: 1836px) 100vw, 1836px\" \/><\/figure>\n\n\n\n<figure class=\"wp-block-image size-full\"><img loading=\"lazy\" decoding=\"async\" width=\"1022\" height=\"768\" src=\"https:\/\/jmnautica.com\/wp-content\/uploads\/2024\/06\/Alquilar_Mochi18Open_Alicante_Torrevieja_Marina_Estrella_Charter19.jpg\" alt=\"\" class=\"wp-image-505\" srcset=\"https:\/\/jmnautica.com\/wp-content\/uploads\/2024\/06\/Alquilar_Mochi18Open_Alicante_Torrevieja_Marina_Estrella_Charter19.jpg 1022w, https:\/\/jmnautica.com\/wp-content\/uploads\/2024\/06\/Alquilar_Mochi18Open_Alicante_Torrevieja_Marina_Estrella_Charter19-600x451.jpg 600w, https:\/\/jmnautica.com\/wp-content\/uploads\/2024\/06\/Alquilar_Mochi18Open_Alicante_Torrevieja_Marina_Estrella_Charter19-300x225.jpg 300w, https:\/\/jmnautica.com\/wp-content\/uploads\/2024\/06\/Alquilar_Mochi18Open_Alicante_Torrevieja_Marina_Estrella_Charter19-768x577.jpg 768w\" sizes=\"auto, (max-width: 1022px) 100vw, 1022px\" \/><\/figure>\n\n\n\n<figure class=\"wp-block-gallery alignwide has-nested-images columns-default is-cropped wp-block-gallery-1 is-layout-flex wp-block-gallery-is-layout-flex\">\n<figure class=\"wp-block-image size-full\"><img loading=\"lazy\" decoding=\"async\" width=\"1022\" height=\"768\" data-id=\"508\" src=\"https:\/\/jmnautica.com\/wp-content\/uploads\/2024\/06\/Alquilar_Mochi18Open_Alicante_Torrevieja_Marina_Estrella_Charter18.jpg\" alt=\"\" class=\"wp-image-508\" srcset=\"https:\/\/jmnautica.com\/wp-content\/uploads\/2024\/06\/Alquilar_Mochi18Open_Alicante_Torrevieja_Marina_Estrella_Charter18.jpg 1022w, https:\/\/jmnautica.com\/wp-content\/uploads\/2024\/06\/Alquilar_Mochi18Open_Alicante_Torrevieja_Marina_Estrella_Charter18-600x451.jpg 600w, https:\/\/jmnautica.com\/wp-content\/uploads\/2024\/06\/Alquilar_Mochi18Open_Alicante_Torrevieja_Marina_Estrella_Charter18-300x225.jpg 300w, https:\/\/jmnautica.com\/wp-content\/uploads\/2024\/06\/Alquilar_Mochi18Open_Alicante_Torrevieja_Marina_Estrella_Charter18-768x577.jpg 768w\" sizes=\"auto, (max-width: 1022px) 100vw, 1022px\" \/><\/figure>\n<\/figure>\n","protected":false},"excerpt":{"rendered":"<p>Misi\u00f3n \u00b7 Visi\u00f3n JM N\u00e1utica nace con la misi\u00f3n de crear experiencias mar\u00edtimas \u00fanicas en el Mediterr\u00e1neo, ofreciendo traves\u00edas personalizadas que combinan lujo, confort y autenticidad, donde cada detalle refleja el trato cercano, humano y personalizado propio de una empresa familiar. Al mismo tiempo, proyectamos nuestra visi\u00f3n hacia el futuro con el objetivo de consolidarnos [&hellip;]<\/p>\n","protected":false},"author":3,"featured_media":0,"parent":0,"menu_order":0,"comment_status":"closed","ping_status":"closed","template":"","meta":{"_monsterinsights_skip_tracking":false,"_monsterinsights_sitenote_active":false,"_monsterinsights_sitenote_note":"","_monsterinsights_sitenote_category":0,"footnotes":""},"class_list":["post-783","page","type-page","status-publish","hentry"],"aioseo_notices":[],"_links":{"self":[{"href":"https:\/\/jmnautica.com\/index.php\/wp-json\/wp\/v2\/pages\/783","targetHints":{"allow":["GET"]}}],"collection":[{"href":"https:\/\/jmnautica.com\/index.php\/wp-json\/wp\/v2\/pages"}],"about":[{"href":"https:\/\/jmnautica.com\/index.php\/wp-json\/wp\/v2\/types\/page"}],"author":[{"embeddable":true,"href":"https:\/\/jmnautica.com\/index.php\/wp-json\/wp\/v2\/users\/3"}],"replies":[{"embeddable":true,"href":"https:\/\/jmnautica.com\/index.php\/wp-json\/wp\/v2\/comments?post=783"}],"version-history":[{"count":8,"href":"https:\/\/jmnautica.com\/index.php\/wp-json\/wp\/v2\/pages\/783\/revisions"}],"predecessor-version":[{"id":1570,"href":"https:\/\/jmnautica.com\/index.php\/wp-json\/wp\/v2\/pages\/783\/revisions\/1570"}],"wp:attachment":[{"href":"https:\/\/jmnautica.com\/index.php\/wp-json\/wp\/v2\/media?parent=783"}],"curies":[{"name":"wp","href":"https:\/\/api.w.org\/{rel}","templated":true}]}}