{"id":888,"date":"2024-06-20T21:20:45","date_gmt":"2024-06-20T21:20:45","guid":{"rendered":"https:\/\/jmnautica.com\/?page_id=888"},"modified":"2024-06-25T16:24:38","modified_gmt":"2024-06-25T16:24:38","slug":"ibiza","status":"publish","type":"page","link":"https:\/\/jmnautica.com\/index.php\/ibiza\/","title":{"rendered":"Ibiza"},"content":{"rendered":"\n<p class=\"has-text-align-center\"><strong>Explora las Maravillas del Mediterr\u00e1neo a Bordo de Nuestro Yate de Lujo<\/strong><\/p>\n\n\n\n<p class=\"has-text-align-center\">Descubre la m\u00e1gica isla de Ibiza, conocida mundialmente por sus playas de arena blanca, aguas cristalinas y vibrante vida nocturna. Navega por sus calas escondidas y disfruta de paisajes impresionantes que solo pueden apreciarse desde el mar.<\/p>\n\n\n\n<figure class=\"wp-block-image aligncenter size-large\"><img loading=\"lazy\" decoding=\"async\" width=\"819\" height=\"1024\" src=\"https:\/\/jmnautica.com\/wp-content\/uploads\/2024\/06\/Tarjeta-Regalo-Gift-Card-Certificado-Regalo-Post-de-Facebook-8-819x1024.png\" alt=\"\" class=\"wp-image-889\" srcset=\"https:\/\/jmnautica.com\/wp-content\/uploads\/2024\/06\/Tarjeta-Regalo-Gift-Card-Certificado-Regalo-Post-de-Facebook-8-819x1024.png 819w, https:\/\/jmnautica.com\/wp-content\/uploads\/2024\/06\/Tarjeta-Regalo-Gift-Card-Certificado-Regalo-Post-de-Facebook-8-240x300.png 240w, https:\/\/jmnautica.com\/wp-content\/uploads\/2024\/06\/Tarjeta-Regalo-Gift-Card-Certificado-Regalo-Post-de-Facebook-8-768x960.png 768w, https:\/\/jmnautica.com\/wp-content\/uploads\/2024\/06\/Tarjeta-Regalo-Gift-Card-Certificado-Regalo-Post-de-Facebook-8-600x750.png 600w, https:\/\/jmnautica.com\/wp-content\/uploads\/2024\/06\/Tarjeta-Regalo-Gift-Card-Certificado-Regalo-Post-de-Facebook-8.png 1080w\" sizes=\"auto, (max-width: 819px) 100vw, 819px\" \/><\/figure>\n\n\n\n<p class=\"has-text-align-center\">Contin\u00faa tu traves\u00eda hacia la paradis\u00edaca Formentera, donde el tiempo parece detenerse. Sus aguas turquesas y tranquilas invitan a sumergirse en un mundo de relajaci\u00f3n y belleza natural. Este rinc\u00f3n del Mediterr\u00e1neo es perfecto para anclar y disfrutar de una tarde de sol y mar.<\/p>\n\n\n\n<p class=\"has-text-align-center\">Para hacer de tu viaje una experiencia realmente inolvidable, ofrecemos desayunos, comidas y cenas personalizadas a bordo. Ya sea una cena \u00edntima bajo las estrellas o una celebraci\u00f3n con amigos, nos encargamos de cada detalle para que disfrutes de una velada perfecta.<\/p>\n\n\n\n<figure class=\"wp-block-image size-large\"><img loading=\"lazy\" decoding=\"async\" width=\"810\" height=\"1013\" src=\"https:\/\/jmnautica.com\/wp-content\/uploads\/2024\/06\/Tarjeta-Regalo-Gift-Card-Certificado-Regalo-Post-de-Facebook-10.png\" alt=\"\" class=\"wp-image-890\" srcset=\"https:\/\/jmnautica.com\/wp-content\/uploads\/2024\/06\/Tarjeta-Regalo-Gift-Card-Certificado-Regalo-Post-de-Facebook-10.png 810w, https:\/\/jmnautica.com\/wp-content\/uploads\/2024\/06\/Tarjeta-Regalo-Gift-Card-Certificado-Regalo-Post-de-Facebook-10-240x300.png 240w, https:\/\/jmnautica.com\/wp-content\/uploads\/2024\/06\/Tarjeta-Regalo-Gift-Card-Certificado-Regalo-Post-de-Facebook-10-768x960.png 768w, https:\/\/jmnautica.com\/wp-content\/uploads\/2024\/06\/Tarjeta-Regalo-Gift-Card-Certificado-Regalo-Post-de-Facebook-10-600x750.png 600w\" sizes=\"auto, (max-width: 810px) 100vw, 810px\" \/><\/figure>\n\n\n\n<p class=\"has-text-align-center\">Y para poner el broche de oro a tu aventura en alta mar, contrata nuestro servicio de DJ a bordo. Un DJ profesional crear\u00e1 la atm\u00f3sfera ideal, adaptando la m\u00fasica a tus preferencias y asegurando que cada momento sea especial y lleno de energ\u00eda.<\/p>\n\n\n\n<p class=\"has-text-align-center\">Emb\u00e1rcate en una traves\u00eda de lujo por el Mediterr\u00e1neo y d\u00e9jate llevar por la belleza y el encanto de Ibiza, Formentera y las calas circundantes. Tu viaje de ensue\u00f1o comienza aqu\u00ed.<\/p>\n\n\n\n<figure class=\"wp-block-gallery has-nested-images columns-default is-cropped wp-block-gallery-1 is-layout-flex wp-block-gallery-is-layout-flex\">\n<figure class=\"wp-block-image size-large\"><img loading=\"lazy\" decoding=\"async\" width=\"810\" height=\"1013\" data-id=\"891\" src=\"https:\/\/jmnautica.com\/wp-content\/uploads\/2024\/06\/Tarjeta-Regalo-Gift-Card-Certificado-Regalo-Post-de-Facebook-9.png\" alt=\"\" class=\"wp-image-891\" srcset=\"https:\/\/jmnautica.com\/wp-content\/uploads\/2024\/06\/Tarjeta-Regalo-Gift-Card-Certificado-Regalo-Post-de-Facebook-9.png 810w, https:\/\/jmnautica.com\/wp-content\/uploads\/2024\/06\/Tarjeta-Regalo-Gift-Card-Certificado-Regalo-Post-de-Facebook-9-240x300.png 240w, https:\/\/jmnautica.com\/wp-content\/uploads\/2024\/06\/Tarjeta-Regalo-Gift-Card-Certificado-Regalo-Post-de-Facebook-9-768x960.png 768w, https:\/\/jmnautica.com\/wp-content\/uploads\/2024\/06\/Tarjeta-Regalo-Gift-Card-Certificado-Regalo-Post-de-Facebook-9-600x750.png 600w\" sizes=\"auto, (max-width: 810px) 100vw, 810px\" \/><\/figure>\n<\/figure>\n","protected":false},"excerpt":{"rendered":"<p>Explora las Maravillas del Mediterr\u00e1neo a Bordo de Nuestro Yate de Lujo Descubre la m\u00e1gica isla de Ibiza, conocida mundialmente por sus playas de arena blanca, aguas cristalinas y vibrante vida nocturna. Navega por sus calas escondidas y disfruta de paisajes impresionantes que solo pueden apreciarse desde el mar. Contin\u00faa tu traves\u00eda hacia la paradis\u00edaca [&hellip;]<\/p>\n","protected":false},"author":3,"featured_media":0,"parent":0,"menu_order":0,"comment_status":"closed","ping_status":"closed","template":"","meta":{"_monsterinsights_skip_tracking":false,"_monsterinsights_sitenote_active":false,"_monsterinsights_sitenote_note":"","_monsterinsights_sitenote_category":0,"footnotes":""},"class_list":["post-888","page","type-page","status-publish","hentry"],"aioseo_notices":[],"_links":{"self":[{"href":"https:\/\/jmnautica.com\/index.php\/wp-json\/wp\/v2\/pages\/888","targetHints":{"allow":["GET"]}}],"collection":[{"href":"https:\/\/jmnautica.com\/index.php\/wp-json\/wp\/v2\/pages"}],"about":[{"href":"https:\/\/jmnautica.com\/index.php\/wp-json\/wp\/v2\/types\/page"}],"author":[{"embeddable":true,"href":"https:\/\/jmnautica.com\/index.php\/wp-json\/wp\/v2\/users\/3"}],"replies":[{"embeddable":true,"href":"https:\/\/jmnautica.com\/index.php\/wp-json\/wp\/v2\/comments?post=888"}],"version-history":[{"count":2,"href":"https:\/\/jmnautica.com\/index.php\/wp-json\/wp\/v2\/pages\/888\/revisions"}],"predecessor-version":[{"id":1058,"href":"https:\/\/jmnautica.com\/index.php\/wp-json\/wp\/v2\/pages\/888\/revisions\/1058"}],"wp:attachment":[{"href":"https:\/\/jmnautica.com\/index.php\/wp-json\/wp\/v2\/media?parent=888"}],"curies":[{"name":"wp","href":"https:\/\/api.w.org\/{rel}","templated":true}]}}