{"id":898,"date":"2024-06-20T21:36:30","date_gmt":"2024-06-20T21:36:30","guid":{"rendered":"https:\/\/jmnautica.com\/?page_id=898"},"modified":"2024-07-24T09:05:33","modified_gmt":"2024-07-24T09:05:33","slug":"tabarca","status":"publish","type":"page","link":"https:\/\/jmnautica.com\/index.php\/tabarca\/","title":{"rendered":"Tabarca"},"content":{"rendered":"\n<p class=\"has-text-align-center\"><strong>Descubre la Belleza de Tabarca a Bordo del <a href=\"https:\/\/jmnautica.com\/index.php\/searay355sundancer\/\">Sea Ray Sundancer 355<\/a><\/strong><\/p>\n\n\n\n<p class=\"has-text-align-center\">Tabarca, una isla con historia y encanto mediterr\u00e1neo, te espera para una experiencia \u00fanica a bordo de nuestro yate. Ubicada frente a la costa de Alicante, esta peque\u00f1a joya es conocida por sus aguas cristalinas, calas escondidas y ambiente sereno.<\/p>\n\n\n\n<figure class=\"wp-block-image size-large\"><img loading=\"lazy\" decoding=\"async\" width=\"810\" height=\"1013\" src=\"https:\/\/jmnautica.com\/wp-content\/uploads\/2024\/06\/Tarjeta-Regalo-Gift-Card-Certificado-Regalo-Post-de-Facebook-17.png\" alt=\"\" class=\"wp-image-899\" srcset=\"https:\/\/jmnautica.com\/wp-content\/uploads\/2024\/06\/Tarjeta-Regalo-Gift-Card-Certificado-Regalo-Post-de-Facebook-17.png 810w, https:\/\/jmnautica.com\/wp-content\/uploads\/2024\/06\/Tarjeta-Regalo-Gift-Card-Certificado-Regalo-Post-de-Facebook-17-240x300.png 240w, https:\/\/jmnautica.com\/wp-content\/uploads\/2024\/06\/Tarjeta-Regalo-Gift-Card-Certificado-Regalo-Post-de-Facebook-17-768x960.png 768w, https:\/\/jmnautica.com\/wp-content\/uploads\/2024\/06\/Tarjeta-Regalo-Gift-Card-Certificado-Regalo-Post-de-Facebook-17-600x750.png 600w\" sizes=\"auto, (max-width: 810px) 100vw, 810px\" \/><\/figure>\n\n\n\n<p class=\"has-text-align-center\">Explora las costas de Tabarca a bordo de nuestro exclusivo yate <a href=\"https:\/\/jmnautica.com\/index.php\/producto\/searay355sundancer\/\" title=\"\">Sea Ray Sundancer 355<\/a>, dise\u00f1ado para ofrecer el m\u00e1ximo confort y elegancia. Desde la cubierta, podr\u00e1s admirar vistas panor\u00e1micas de la isla y sus alrededores, mientras te relajas y disfrutas de la brisa marina.<\/p>\n\n\n\n<p class=\"has-text-align-center\">Durante tu traves\u00eda, podr\u00e1s disfrutar de desayunos, comidas y cenas personalizadas preparadas por nuestros chefs expertos. Desde un desayuno al amanecer en alta mar hasta una cena bajo las estrellas, cada comida ser\u00e1 una experiencia gastron\u00f3mica excepcional, adaptada a tus gustos y preferencias.<\/p>\n\n\n\n<figure class=\"wp-block-image size-large\"><img loading=\"lazy\" decoding=\"async\" width=\"810\" height=\"1013\" src=\"https:\/\/jmnautica.com\/wp-content\/uploads\/2024\/06\/Tarjeta-Regalo-Gift-Card-Certificado-Regalo-Post-de-Facebook-16.png\" alt=\"\" class=\"wp-image-900\" srcset=\"https:\/\/jmnautica.com\/wp-content\/uploads\/2024\/06\/Tarjeta-Regalo-Gift-Card-Certificado-Regalo-Post-de-Facebook-16.png 810w, https:\/\/jmnautica.com\/wp-content\/uploads\/2024\/06\/Tarjeta-Regalo-Gift-Card-Certificado-Regalo-Post-de-Facebook-16-240x300.png 240w, https:\/\/jmnautica.com\/wp-content\/uploads\/2024\/06\/Tarjeta-Regalo-Gift-Card-Certificado-Regalo-Post-de-Facebook-16-768x960.png 768w, https:\/\/jmnautica.com\/wp-content\/uploads\/2024\/06\/Tarjeta-Regalo-Gift-Card-Certificado-Regalo-Post-de-Facebook-16-600x750.png 600w\" sizes=\"auto, (max-width: 810px) 100vw, 810px\" \/><\/figure>\n\n\n\n<p class=\"has-text-align-center\">Emb\u00e1rcate en una aventura de lujo por las aguas cristalinas de Tabarca y descubre un destino id\u00edlico donde cada detalle est\u00e1 pensado para brindarte una experiencia \u00fanica y sofisticada. <\/p>\n\n\n\n<p class=\"has-text-align-center\">Tu escapada de ensue\u00f1o comienza aqu\u00ed.<\/p>\n\n\n\n<div class=\"wp-block-buttons is-content-justification-center is-layout-flex wp-container-core-buttons-is-layout-a89b3969 wp-block-buttons-is-layout-flex\">\n<div class=\"wp-block-button\"><a class=\"wp-block-button__link wp-element-button\" href=\"https:\/\/jmnautica.com\/index.php\/contacto\/\"><strong><em>Cotizar paseo Tabarca<\/em><\/strong><\/a><\/div>\n<\/div>\n\n\n\n<figure class=\"wp-block-gallery has-nested-images columns-default is-cropped wp-block-gallery-1 is-layout-flex wp-block-gallery-is-layout-flex\">\n<figure class=\"wp-block-image size-large\"><img loading=\"lazy\" decoding=\"async\" width=\"810\" height=\"1013\" data-id=\"901\" src=\"https:\/\/jmnautica.com\/wp-content\/uploads\/2024\/06\/Tarjeta-Regalo-Gift-Card-Certificado-Regalo-Post-de-Facebook-15.png\" alt=\"\" class=\"wp-image-901\" srcset=\"https:\/\/jmnautica.com\/wp-content\/uploads\/2024\/06\/Tarjeta-Regalo-Gift-Card-Certificado-Regalo-Post-de-Facebook-15.png 810w, https:\/\/jmnautica.com\/wp-content\/uploads\/2024\/06\/Tarjeta-Regalo-Gift-Card-Certificado-Regalo-Post-de-Facebook-15-240x300.png 240w, https:\/\/jmnautica.com\/wp-content\/uploads\/2024\/06\/Tarjeta-Regalo-Gift-Card-Certificado-Regalo-Post-de-Facebook-15-768x960.png 768w, https:\/\/jmnautica.com\/wp-content\/uploads\/2024\/06\/Tarjeta-Regalo-Gift-Card-Certificado-Regalo-Post-de-Facebook-15-600x750.png 600w\" sizes=\"auto, (max-width: 810px) 100vw, 810px\" \/><\/figure>\n<\/figure>\n","protected":false},"excerpt":{"rendered":"<p>Descubre la Belleza de Tabarca a Bordo del Sea Ray Sundancer 355 Tabarca, una isla con historia y encanto mediterr\u00e1neo, te espera para una experiencia \u00fanica a bordo de nuestro yate. Ubicada frente a la costa de Alicante, esta peque\u00f1a joya es conocida por sus aguas cristalinas, calas escondidas y ambiente sereno. Explora las costas [&hellip;]<\/p>\n","protected":false},"author":3,"featured_media":0,"parent":0,"menu_order":0,"comment_status":"closed","ping_status":"closed","template":"","meta":{"_monsterinsights_skip_tracking":false,"_monsterinsights_sitenote_active":false,"_monsterinsights_sitenote_note":"","_monsterinsights_sitenote_category":0,"footnotes":""},"class_list":["post-898","page","type-page","status-publish","hentry"],"aioseo_notices":[],"_links":{"self":[{"href":"https:\/\/jmnautica.com\/index.php\/wp-json\/wp\/v2\/pages\/898","targetHints":{"allow":["GET"]}}],"collection":[{"href":"https:\/\/jmnautica.com\/index.php\/wp-json\/wp\/v2\/pages"}],"about":[{"href":"https:\/\/jmnautica.com\/index.php\/wp-json\/wp\/v2\/types\/page"}],"author":[{"embeddable":true,"href":"https:\/\/jmnautica.com\/index.php\/wp-json\/wp\/v2\/users\/3"}],"replies":[{"embeddable":true,"href":"https:\/\/jmnautica.com\/index.php\/wp-json\/wp\/v2\/comments?post=898"}],"version-history":[{"count":4,"href":"https:\/\/jmnautica.com\/index.php\/wp-json\/wp\/v2\/pages\/898\/revisions"}],"predecessor-version":[{"id":1527,"href":"https:\/\/jmnautica.com\/index.php\/wp-json\/wp\/v2\/pages\/898\/revisions\/1527"}],"wp:attachment":[{"href":"https:\/\/jmnautica.com\/index.php\/wp-json\/wp\/v2\/media?parent=898"}],"curies":[{"name":"wp","href":"https:\/\/api.w.org\/{rel}","templated":true}]}}