{"id":903,"date":"2024-06-20T21:42:11","date_gmt":"2024-06-20T21:42:11","guid":{"rendered":"https:\/\/jmnautica.com\/?page_id=903"},"modified":"2024-07-24T09:08:20","modified_gmt":"2024-07-24T09:08:20","slug":"cabo-roig","status":"publish","type":"page","link":"https:\/\/jmnautica.com\/index.php\/cabo-roig\/","title":{"rendered":"Cabo Roig"},"content":{"rendered":"\n<p class=\"has-text-align-center\"><strong>Descubre la Belleza de Cabo Roig a Bordo del <a href=\"https:\/\/jmnautica.com\/index.php\/searay355sundancer\/\">Sea Ray Sundancer 355<\/a><\/strong><\/p>\n\n\n\n<p class=\"has-text-align-center\">Cabo Roig, un para\u00edso costero en la Costa Blanca, te invita a disfrutar de una experiencia inolvidable a bordo de nuestro hermoso yate. Conocida por sus impresionantes acantilados, calas escondidas y aguas cristalinas, esta zona ofrece un escenario perfecto para explorar desde el mar.<\/p>\n\n\n\n<figure class=\"wp-block-image size-large\"><img loading=\"lazy\" decoding=\"async\" width=\"810\" height=\"1013\" src=\"https:\/\/jmnautica.com\/wp-content\/uploads\/2024\/06\/Tarjeta-Regalo-Gift-Card-Certificado-Regalo-Post-de-Facebook-19.png\" alt=\"\" class=\"wp-image-906\" srcset=\"https:\/\/jmnautica.com\/wp-content\/uploads\/2024\/06\/Tarjeta-Regalo-Gift-Card-Certificado-Regalo-Post-de-Facebook-19.png 810w, https:\/\/jmnautica.com\/wp-content\/uploads\/2024\/06\/Tarjeta-Regalo-Gift-Card-Certificado-Regalo-Post-de-Facebook-19-240x300.png 240w, https:\/\/jmnautica.com\/wp-content\/uploads\/2024\/06\/Tarjeta-Regalo-Gift-Card-Certificado-Regalo-Post-de-Facebook-19-768x960.png 768w, https:\/\/jmnautica.com\/wp-content\/uploads\/2024\/06\/Tarjeta-Regalo-Gift-Card-Certificado-Regalo-Post-de-Facebook-19-600x750.png 600w\" sizes=\"auto, (max-width: 810px) 100vw, 810px\" \/><\/figure>\n\n\n\n<p class=\"has-text-align-center\">Emb\u00e1rcate en paseos de lujo por las costas de Cabo Roig a bordo de nuestro yate, dise\u00f1ado para ofrecer la m\u00e1xima comodidad y elegancia. Desde la cubierta, podr\u00e1s contemplar las espectaculares vistas del litoral y relajarte al ritmo suave de las olas.<\/p>\n\n\n\n<p class=\"has-text-align-center\">Durante tu traves\u00eda, disfruta de desayunos, comidas y cenas personalizadas. Desde un desayuno gourmet al amanecer hasta una cena \u00edntima al atardecer, cada comida ser\u00e1 una experiencia culinaria excepcional, adaptada a tus preferencias y acompa\u00f1ada de los mejores ingredientes locales frescos.<\/p>\n\n\n\n<figure class=\"wp-block-image size-large\"><img loading=\"lazy\" decoding=\"async\" width=\"810\" height=\"1013\" src=\"https:\/\/jmnautica.com\/wp-content\/uploads\/2024\/06\/Tarjeta-Regalo-Gift-Card-Certificado-Regalo-Post-de-Facebook-18.png\" alt=\"\" class=\"wp-image-905\" srcset=\"https:\/\/jmnautica.com\/wp-content\/uploads\/2024\/06\/Tarjeta-Regalo-Gift-Card-Certificado-Regalo-Post-de-Facebook-18.png 810w, https:\/\/jmnautica.com\/wp-content\/uploads\/2024\/06\/Tarjeta-Regalo-Gift-Card-Certificado-Regalo-Post-de-Facebook-18-240x300.png 240w, https:\/\/jmnautica.com\/wp-content\/uploads\/2024\/06\/Tarjeta-Regalo-Gift-Card-Certificado-Regalo-Post-de-Facebook-18-768x960.png 768w, https:\/\/jmnautica.com\/wp-content\/uploads\/2024\/06\/Tarjeta-Regalo-Gift-Card-Certificado-Regalo-Post-de-Facebook-18-600x750.png 600w\" sizes=\"auto, (max-width: 810px) 100vw, 810px\" \/><\/figure>\n\n\n\n<p class=\"has-text-align-center\">Emb\u00e1rcate en una aventura de lujo por las aguas cristalinas de Cabo Roig y descubre un destino id\u00edlico donde cada detalle est\u00e1 pensado para brindarte una experiencia \u00fanica y sofisticada. Tu escapada de ensue\u00f1o comienza aqu\u00ed.<\/p>\n\n\n\n<div class=\"wp-block-buttons is-content-justification-center is-layout-flex wp-container-core-buttons-is-layout-a89b3969 wp-block-buttons-is-layout-flex\">\n<div class=\"wp-block-button\"><a class=\"wp-block-button__link wp-element-button\" href=\"https:\/\/jmnautica.com\/index.php\/contacto\/\"><strong><em>Cotizar paseo Cabo Roig<\/em><\/strong><\/a><\/div>\n<\/div>\n\n\n\n<figure class=\"wp-block-gallery has-nested-images columns-default is-cropped wp-block-gallery-1 is-layout-flex wp-block-gallery-is-layout-flex\">\n<figure class=\"wp-block-image size-large\"><img loading=\"lazy\" decoding=\"async\" width=\"810\" height=\"1013\" data-id=\"904\" src=\"https:\/\/jmnautica.com\/wp-content\/uploads\/2024\/06\/Tarjeta-Regalo-Gift-Card-Certificado-Regalo-Post-de-Facebook-20.png\" alt=\"\" class=\"wp-image-904\" srcset=\"https:\/\/jmnautica.com\/wp-content\/uploads\/2024\/06\/Tarjeta-Regalo-Gift-Card-Certificado-Regalo-Post-de-Facebook-20.png 810w, https:\/\/jmnautica.com\/wp-content\/uploads\/2024\/06\/Tarjeta-Regalo-Gift-Card-Certificado-Regalo-Post-de-Facebook-20-240x300.png 240w, https:\/\/jmnautica.com\/wp-content\/uploads\/2024\/06\/Tarjeta-Regalo-Gift-Card-Certificado-Regalo-Post-de-Facebook-20-768x960.png 768w, https:\/\/jmnautica.com\/wp-content\/uploads\/2024\/06\/Tarjeta-Regalo-Gift-Card-Certificado-Regalo-Post-de-Facebook-20-600x750.png 600w\" sizes=\"auto, (max-width: 810px) 100vw, 810px\" \/><\/figure>\n<\/figure>\n","protected":false},"excerpt":{"rendered":"<p>Descubre la Belleza de Cabo Roig a Bordo del Sea Ray Sundancer 355 Cabo Roig, un para\u00edso costero en la Costa Blanca, te invita a disfrutar de una experiencia inolvidable a bordo de nuestro hermoso yate. Conocida por sus impresionantes acantilados, calas escondidas y aguas cristalinas, esta zona ofrece un escenario perfecto para explorar desde [&hellip;]<\/p>\n","protected":false},"author":3,"featured_media":0,"parent":0,"menu_order":0,"comment_status":"closed","ping_status":"closed","template":"","meta":{"_monsterinsights_skip_tracking":false,"_monsterinsights_sitenote_active":false,"_monsterinsights_sitenote_note":"","_monsterinsights_sitenote_category":0,"footnotes":""},"class_list":["post-903","page","type-page","status-publish","hentry"],"aioseo_notices":[],"_links":{"self":[{"href":"https:\/\/jmnautica.com\/index.php\/wp-json\/wp\/v2\/pages\/903","targetHints":{"allow":["GET"]}}],"collection":[{"href":"https:\/\/jmnautica.com\/index.php\/wp-json\/wp\/v2\/pages"}],"about":[{"href":"https:\/\/jmnautica.com\/index.php\/wp-json\/wp\/v2\/types\/page"}],"author":[{"embeddable":true,"href":"https:\/\/jmnautica.com\/index.php\/wp-json\/wp\/v2\/users\/3"}],"replies":[{"embeddable":true,"href":"https:\/\/jmnautica.com\/index.php\/wp-json\/wp\/v2\/comments?post=903"}],"version-history":[{"count":4,"href":"https:\/\/jmnautica.com\/index.php\/wp-json\/wp\/v2\/pages\/903\/revisions"}],"predecessor-version":[{"id":1528,"href":"https:\/\/jmnautica.com\/index.php\/wp-json\/wp\/v2\/pages\/903\/revisions\/1528"}],"wp:attachment":[{"href":"https:\/\/jmnautica.com\/index.php\/wp-json\/wp\/v2\/media?parent=903"}],"curies":[{"name":"wp","href":"https:\/\/api.w.org\/{rel}","templated":true}]}}