{"id":908,"date":"2024-06-20T21:48:14","date_gmt":"2024-06-20T21:48:14","guid":{"rendered":"https:\/\/jmnautica.com\/?page_id=908"},"modified":"2024-07-24T09:09:13","modified_gmt":"2024-07-24T09:09:13","slug":"la-manga-del-mar-menor","status":"publish","type":"page","link":"https:\/\/jmnautica.com\/index.php\/la-manga-del-mar-menor\/","title":{"rendered":"La Manga del Mar Menor"},"content":{"rendered":"\n<p class=\"has-text-align-center\"><strong>Explora la Belleza de La Manga del Mar Menor a Bordo del <a href=\"https:\/\/jmnautica.com\/index.php\/searay355sundancer\/\">Sea Ray Sundancer 355<\/a><\/strong><\/p>\n\n\n\n<p class=\"has-text-align-center\">La Manga del Mar Menor, un espectacular istmo que separa el Mar Menor del Mar Mediterr\u00e1neo, te invita a vivir una experiencia \u00fanica a bordo de nuestro lujoso yate. Conocida por sus playas de aguas tranquilas y su entorno natural impresionante, esta \u00e1rea es perfecta para explorar desde el mar.<\/p>\n\n\n\n<figure class=\"wp-block-image size-large\"><img loading=\"lazy\" decoding=\"async\" width=\"810\" height=\"1013\" src=\"https:\/\/jmnautica.com\/wp-content\/uploads\/2024\/06\/Tarjeta-Regalo-Gift-Card-Certificado-Regalo-Post-de-Facebook-23.png\" alt=\"\" class=\"wp-image-909\" srcset=\"https:\/\/jmnautica.com\/wp-content\/uploads\/2024\/06\/Tarjeta-Regalo-Gift-Card-Certificado-Regalo-Post-de-Facebook-23.png 810w, https:\/\/jmnautica.com\/wp-content\/uploads\/2024\/06\/Tarjeta-Regalo-Gift-Card-Certificado-Regalo-Post-de-Facebook-23-240x300.png 240w, https:\/\/jmnautica.com\/wp-content\/uploads\/2024\/06\/Tarjeta-Regalo-Gift-Card-Certificado-Regalo-Post-de-Facebook-23-768x960.png 768w, https:\/\/jmnautica.com\/wp-content\/uploads\/2024\/06\/Tarjeta-Regalo-Gift-Card-Certificado-Regalo-Post-de-Facebook-23-600x750.png 600w\" sizes=\"auto, (max-width: 810px) 100vw, 810px\" \/><\/figure>\n\n\n\n<p class=\"has-text-align-center\">Emb\u00e1rcate en paseos de lujo por las costas de La Manga del Mar Menor en nuestro hermoso yate <a href=\"https:\/\/jmnautica.com\/index.php\/searay355sundancer\/\">Sea Ray Sundancer 355<\/a> , dise\u00f1ado para ofrecer confort y elegancia sin igual. Desde la cubierta, podr\u00e1s disfrutar de vistas panor\u00e1micas de este destino \u00fanico mientras te relajas al sonido suave de las olas.<\/p>\n\n\n\n<p class=\"has-text-align-center\">Durante tu traves\u00eda, disfruta de desayunos, comidas y cenas personalizadas. Desde un desayuno tranquilo al amanecer hasta una cena bajo las estrellas, cada comida ser\u00e1 una experiencia culinaria excepcional, adaptada a tus gustos y acompa\u00f1ada de los mejores productos locales frescos.<\/p>\n\n\n\n<figure class=\"wp-block-image size-large\"><img loading=\"lazy\" decoding=\"async\" width=\"810\" height=\"1013\" src=\"https:\/\/jmnautica.com\/wp-content\/uploads\/2024\/06\/Tarjeta-Regalo-Gift-Card-Certificado-Regalo-Post-de-Facebook-22.png\" alt=\"\" class=\"wp-image-911\" srcset=\"https:\/\/jmnautica.com\/wp-content\/uploads\/2024\/06\/Tarjeta-Regalo-Gift-Card-Certificado-Regalo-Post-de-Facebook-22.png 810w, https:\/\/jmnautica.com\/wp-content\/uploads\/2024\/06\/Tarjeta-Regalo-Gift-Card-Certificado-Regalo-Post-de-Facebook-22-240x300.png 240w, https:\/\/jmnautica.com\/wp-content\/uploads\/2024\/06\/Tarjeta-Regalo-Gift-Card-Certificado-Regalo-Post-de-Facebook-22-768x960.png 768w, https:\/\/jmnautica.com\/wp-content\/uploads\/2024\/06\/Tarjeta-Regalo-Gift-Card-Certificado-Regalo-Post-de-Facebook-22-600x750.png 600w\" sizes=\"auto, (max-width: 810px) 100vw, 810px\" \/><\/figure>\n\n\n\n<p class=\"has-text-align-center\">Para a\u00f1adir un toque de diversi\u00f3n y entretenimiento, contamos con un DJ profesional a bordo. Crea el ambiente perfecto con tu selecci\u00f3n musical mientras navegas por las tranquilas aguas de La Manga del Mar Menor. Ya sea que desees una tarde animada con ritmos vibrantes o un momento de relajaci\u00f3n con melod\u00edas suaves, nuestro DJ asegurar\u00e1 que cada momento sea especial.<\/p>\n\n\n\n<p class=\"has-text-align-center\">Emb\u00e1rcate en una aventura de lujo por las aguas cristalinas de La Manga del Mar Menor y descubre un destino id\u00edlico donde cada detalle est\u00e1 pensado para brindarte una experiencia \u00fanica y sofisticada. Tu escapada de ensue\u00f1o comienza aqu\u00ed.<\/p>\n\n\n\n<div class=\"wp-block-buttons is-content-justification-center is-layout-flex wp-container-core-buttons-is-layout-a89b3969 wp-block-buttons-is-layout-flex\">\n<div class=\"wp-block-button\"><a class=\"wp-block-button__link wp-element-button\" href=\"https:\/\/jmnautica.com\/index.php\/contacto\/\"><strong>Cotizar paseo Manga del Mar Menor<\/strong><\/a><\/div>\n<\/div>\n\n\n\n<figure class=\"wp-block-gallery has-nested-images columns-default is-cropped wp-block-gallery-1 is-layout-flex wp-block-gallery-is-layout-flex\">\n<figure class=\"wp-block-image size-large\"><img loading=\"lazy\" decoding=\"async\" width=\"810\" height=\"1013\" data-id=\"910\" src=\"https:\/\/jmnautica.com\/wp-content\/uploads\/2024\/06\/Tarjeta-Regalo-Gift-Card-Certificado-Regalo-Post-de-Facebook-21.png\" alt=\"\" class=\"wp-image-910\" srcset=\"https:\/\/jmnautica.com\/wp-content\/uploads\/2024\/06\/Tarjeta-Regalo-Gift-Card-Certificado-Regalo-Post-de-Facebook-21.png 810w, https:\/\/jmnautica.com\/wp-content\/uploads\/2024\/06\/Tarjeta-Regalo-Gift-Card-Certificado-Regalo-Post-de-Facebook-21-240x300.png 240w, https:\/\/jmnautica.com\/wp-content\/uploads\/2024\/06\/Tarjeta-Regalo-Gift-Card-Certificado-Regalo-Post-de-Facebook-21-768x960.png 768w, https:\/\/jmnautica.com\/wp-content\/uploads\/2024\/06\/Tarjeta-Regalo-Gift-Card-Certificado-Regalo-Post-de-Facebook-21-600x750.png 600w\" sizes=\"auto, (max-width: 810px) 100vw, 810px\" \/><\/figure>\n<\/figure>\n","protected":false},"excerpt":{"rendered":"<p>Explora la Belleza de La Manga del Mar Menor a Bordo del Sea Ray Sundancer 355 La Manga del Mar Menor, un espectacular istmo que separa el Mar Menor del Mar Mediterr\u00e1neo, te invita a vivir una experiencia \u00fanica a bordo de nuestro lujoso yate. Conocida por sus playas de aguas tranquilas y su entorno [&hellip;]<\/p>\n","protected":false},"author":3,"featured_media":0,"parent":0,"menu_order":0,"comment_status":"closed","ping_status":"closed","template":"","meta":{"_monsterinsights_skip_tracking":false,"_monsterinsights_sitenote_active":false,"_monsterinsights_sitenote_note":"","_monsterinsights_sitenote_category":0,"footnotes":""},"class_list":["post-908","page","type-page","status-publish","hentry"],"aioseo_notices":[],"_links":{"self":[{"href":"https:\/\/jmnautica.com\/index.php\/wp-json\/wp\/v2\/pages\/908","targetHints":{"allow":["GET"]}}],"collection":[{"href":"https:\/\/jmnautica.com\/index.php\/wp-json\/wp\/v2\/pages"}],"about":[{"href":"https:\/\/jmnautica.com\/index.php\/wp-json\/wp\/v2\/types\/page"}],"author":[{"embeddable":true,"href":"https:\/\/jmnautica.com\/index.php\/wp-json\/wp\/v2\/users\/3"}],"replies":[{"embeddable":true,"href":"https:\/\/jmnautica.com\/index.php\/wp-json\/wp\/v2\/comments?post=908"}],"version-history":[{"count":4,"href":"https:\/\/jmnautica.com\/index.php\/wp-json\/wp\/v2\/pages\/908\/revisions"}],"predecessor-version":[{"id":1529,"href":"https:\/\/jmnautica.com\/index.php\/wp-json\/wp\/v2\/pages\/908\/revisions\/1529"}],"wp:attachment":[{"href":"https:\/\/jmnautica.com\/index.php\/wp-json\/wp\/v2\/media?parent=908"}],"curies":[{"name":"wp","href":"https:\/\/api.w.org\/{rel}","templated":true}]}}